{"id":69,"date":"2022-07-27T12:22:36","date_gmt":"2022-07-27T03:22:36","guid":{"rendered":"https:\/\/www.eguro.co.jp\/english\/wp\/?page_id=69"},"modified":"2025-10-15T09:37:48","modified_gmt":"2025-10-15T00:37:48","slug":"outline","status":"publish","type":"page","link":"https:\/\/www.eguro.co.jp\/english\/company\/outline\/","title":{"rendered":"Corporate profile, history, and affiliated companies"},"content":{"rendered":"<div class=\"layout__sm\">\n<div class=\"container\">\n<section class=\"section\">\n<div class=\"page\">\n<div class=\"page__heading\">\n<div class=\"heading\">\n<h2 class=\"heading__title--border--mainColor left\">Corporate Profile<\/h2>\n<\/p><\/div>\n<\/p><\/div>\n<div class=\"row mt-10\">\n<div class=\"col-12\">\n<div class=\"scroll\">\n<table class=\"table table__outline\">\n<tbody>\n<tr>\n<th>Company Name<\/th>\n<td>EGURO LTD.<\/td>\n<\/tr>\n<tr>\n<th>President<\/th>\n<td>Hirofumi Eguro<\/td>\n<\/tr>\n<tr>\n<th>Established<\/th>\n<td>October 1937<\/td>\n<\/tr>\n<tr>\n<th>Capital<\/th>\n<td>85.8 million yen<\/td>\n<\/tr>\n<tr>\n<th>Number of employees<\/th>\n<td>180 (as of October 2022)<\/td>\n<\/tr>\n<tr>\n<th>Headquarters\/factory<\/th>\n<td>\n<div class=\"row gap-y-1\">\n<div class=\"col-12 col-md-7 mt-0\">\n<p>8-14 Okura-Machi, Okaya City, Nagano Pref., 394-0043 Japan<br \/>Tel. +81-266-23-5511 (Main)<br \/>Fax +81-266-24-0167 (Main)<\/p>\n<div class=\"button__mainColor--map button__arrow-mainColor--white mt-10\">\n                            <a href=\"https:\/\/goo.gl\/maps\/31ckJ75bUcoSZUaA6\" target=\"_blank\" rel=\"noopener noreferrer\">MAP<\/a>\n                          <\/div>\n<\/p><\/div>\n<div class=\"col-12 col-md-5 mt-0\">\n                          <img decoding=\"async\" src=\"https:\/\/www.eguro.co.jp\/english\/wp\/wp-content\/themes\/main\/images\/outline\/img_01.jpg\" alt=\"Headquarters\/factory\">\n                        <\/div>\n<\/p><\/div>\n<\/td>\n<\/tr>\n<tr>\n<th>Minowa Factory<\/th>\n<td>\n<div class=\"row gap-y-1\">\n<div class=\"col-12 col-md-7 mt-0\">\n<p>4964 Higashi-Minowa, Minowa-machi, Kamiina-gun, Nagano Pref., 399-4602 Japan<br \/>TEL: +81-265-79-7830 (Main)<br \/>FAX: +81-265-79-9534 (Main)<\/p>\n<div class=\"button__mainColor--map button__arrow-mainColor--white mt-10\">\n                            <a href=\"https:\/\/goo.gl\/maps\/4fsBSErENJc3K4iq5\" target=\"_blank\" rel=\"noopener noreferrer\">MAP<\/a>\n                          <\/div>\n<\/p><\/div>\n<div class=\"col-12 col-md-5 mt-0\">\n                          <img decoding=\"async\" src=\"https:\/\/www.eguro.co.jp\/english\/wp\/wp-content\/themes\/main\/images\/outline\/img_02.jpg\" alt=\"Minowa Factory\">\n                        <\/div>\n<\/p><\/div>\n<\/td>\n<\/tr>\n<tr>\n<th>Business offices<\/th>\n<td class=\"table__flex gap-1\">\n                    Tokyo Branch Office, Nagoya Branch Office, Osaka Branch Office<br \/>\n<!--\n                    <a href=\"[home]\/company\/access\/\" class=\"under-line color__main\">Branch access information ><\/a>\n-->\n                    <\/td>\n<\/tr>\n<tr>\n<th>Description of business<\/th>\n<td>Development, manufacturing, sales, and automation of high-precision, compact CNC machine tools<\/td>\n<\/tr>\n<\/tbody>\n<\/table><\/div>\n<\/p><\/div>\n<\/p><\/div>\n<\/p><\/div>\n<\/section><\/div>\n<\/div>\n<div class=\"layout__md\">\n<div class=\"container\">\n<section class=\"section\">\n<div class=\"page\">\n<div class=\"page__heading\">\n<div class=\"heading\">\n<h2 class=\"heading__title--border--mainColor left\">Affiliated companies<\/h2>\n<\/p><\/div>\n<\/p><\/div>\n<div class=\"row mt-10\">\n<div class=\"col-12\">\n<div class=\"scroll\">\n<table class=\"table table__outline\">\n<tbody>\n<tr>\n<th>EBAGRON KOGYO K.K.<\/th>\n<td class=\"table__flex gap-1\">\n<ul class=\"table__outline-list\">\n<li>Address: 3-4-20 Kawagishi-kami, Okaya City, Nagano Pref., 394-0048 Japan<\/li>\n<li>TEL\uff1a+81-266-22-4421<\/li>\n<li>Description of business: Design and manufacturing of collet chucks<\/li>\n<\/ul>\n<div class=\"table__outline-img\">\n                        <img decoding=\"async\" src=\"https:\/\/www.eguro.co.jp\/english\/wp\/wp-content\/themes\/main\/images\/outline\/img_03.jpg\" alt=\"EBAGRON KOGYO K.K.\">\n                      <\/div>\n<\/td>\n<\/tr>\n<tr>\n<th>SHINKO SHOJI K.K.<\/th>\n<td class=\"table__flex gap-1\">\n<ul class=\"table__outline-list\">\n<li>Address: 8-34 Okura-Machi, Okaya City, Nagano Pref., 394-0043 Japan<\/li>\n<li>TEL\uff1a+81-266-23-4422<\/li>\n<li>Description of business: Sales of electronic components and electrical equipment<\/li>\n<\/ul>\n<\/td>\n<\/tr>\n<\/tbody>\n<\/table><\/div>\n<\/p><\/div>\n<\/p><\/div>\n<\/p><\/div>\n<\/section><\/div>\n<\/div>\n<div class=\"layout__md\">\n<div class=\"container\">\n<section class=\"section\">\n<div class=\"page\">\n<div class=\"page__heading\">\n<div class=\"heading\">\n<h2 class=\"heading__title--border--mainColor left\">History<\/h2>\n<\/p><\/div>\n<\/p><\/div>\n<div class=\"row mt-10\">\n<div class=\"col-12\">\n<details>\n<summary>See history prior to 2001<\/summary>\n<div class=\"scroll details-content\">\n<table class=\"table table__outline\">\n<tbody>\n<tr>\n<th>1937<\/th>\n<td>Eguro Iron Works, Ltd. founded by Jinbei Eguro in what is currently Tokyo\u2019s Itabashi City and begins manufacturing and selling lathes and milling machines.<\/td>\n<\/tr>\n<tr>\n<th>1944<\/th>\n<td>Production facilities relocated to town of Shimosuwa in Suwa District, Nagano Prefecture.<\/td>\n<\/tr>\n<tr>\n<th>1948<\/th>\n<td>Eguro Iron Works, Ltd. reestablished and begins manufacturing and selling high-precision, compact lathes and benchtop lathes.<\/td>\n<\/tr>\n<tr>\n<th>1955<\/th>\n<td>Box-type headstock developed to eliminate processing accuracy instability caused by insufficient rigidity in benchtop lathes\u2019 spindles, successfully increasing their rigidity. This expanded the range of applications for benchtop lathes to include precision component processing beyond the conventional camera and clock parts.<\/td>\n<\/tr>\n<tr>\n<th>1956<\/th>\n<td>Factory relocated to current location in Okaya City, Nagano Prefecture and reorganized as Eguro Iron Works, Co. Ltd. First benchtop lathe featuring motor-direct drive developed, significantly improving productivity and contributing greatly to the modernization, rationalization, and improvement of the working environment through simplification of the factory layout.<\/td>\n<\/tr>\n<tr>\n<th>1960<\/th>\n<td>Begin manufacturing and sales of the GL-120 high-precision, compact lathe, now a bestseller that is still in production today.<\/td>\n<\/tr>\n<tr>\n<th>1968<\/th>\n<td>Program-controlled automatic lathe developed. Pioneered the automation of small-part machining. The ENC101, Japan&#8217;s first gang-type NC lathe, is released, a pioneering unit in the automation of small component machining.<\/td>\n<\/tr>\n<tr>\n<th>1977<\/th>\n<td>Released the NUCPAL-10, a gang-type general-purpose compact NC lathe. Subsequently, the NUCLET-10 and NUCBOY-8 are developed, establishing a series of general-purpose compact CNC lathes.<\/td>\n<\/tr>\n<tr>\n<th>1981<\/th>\n<td>Completed construction of the Minowa Factory.<\/td>\n<\/tr>\n<tr>\n<th>1988<\/th>\n<td>Released the E-32V, a compact machining center with simultaneous 5-axis control.<br \/>\n                        Also released the NUCROBO-10, a high-precision, compact CNC lathe with robot-machinery integration.\n                    <\/td>\n<\/tr>\n<tr>\n<th>1992<\/th>\n<td>Restructured our Corporate Philosophy through corporate identity principals and adopted the new company name EGURO LTD.<\/td>\n<\/tr>\n<tr>\n<th>1994<\/th>\n<td>Developed a built-in motor spindle for lathes to achieve high precision and speed.<\/td>\n<\/tr>\n<tr>\n<th>2000<\/th>\n<td>Released the VIKING-40MT turning center featuring composite processing and process consolidation.<\/td>\n<\/tr>\n<tr>\n<th>2000<\/th>\n<td>Launched our website<\/td>\n<\/tr>\n<tr>\n<th>2000<\/th>\n<td>Developed a practical linear motor-driven slide lathe.<\/td>\n<\/tr>\n<tr>\n<th>2001<\/th>\n<td>Comprehensively redesigned our three-model general-purpose compact CNC lathe series, releasing the NUCPAL-10EX, NUCLET-10EX, and NUCBOY-8EX. Received the Good Design Award.<\/td>\n<\/tr>\n<tr>\n<th>2001<\/th>\n<td>Completed construction of new assembly plant.<\/td>\n<\/tr>\n<\/tbody>\n<\/table><\/div>\n<\/details>\n<div class=\"scroll\">\n<table class=\"table table__outline\">\n<tbody>\n<tr>\n<th>2004<\/th>\n<td>Acquired ISO 14001 environmental management systems certification. Registered with JAB and UKAS.<\/td>\n<\/tr>\n<tr>\n<th>2004<\/th>\n<td>Released the SANAX-6, featuring a toolpost with 3-axis control.<\/td>\n<\/tr>\n<tr>\n<th>2006<\/th>\n<td>The GL-120 receives the 8th Long-Life Best-Seller Award from the Society to Honor Machine Tools of Historical Value.<\/td>\n<\/tr>\n<tr>\n<th>2007<\/th>\n<td>Recognized as one of Japan\u2019s 300 Most Exciting Monozukuri (Manufacturing) SMEs by the Ministry of Economy, Trade and Industry (METI) Small and Medium Enterprise Agency.<\/td>\n<\/tr>\n<tr>\n<th>2008<\/th>\n<td>Completed construction of new Minowa Factory.<\/td>\n<\/tr>\n<tr>\n<th>2008<\/th>\n<td>Released the 100-Nano, an ultra-precision gang-type NC lathe.<\/td>\n<\/tr>\n<tr>\n<th>2011<\/th>\n<td>Established a representative office in Bangkok, Thailand. (Now closed)<\/td>\n<\/tr>\n<tr>\n<th>2012<\/th>\n<td>Released the RGS-200, a knurling NC lathe, and the SANFLEX-8, a composite gang-type lathe.<\/td>\n<\/tr>\n<tr>\n<th>2014<\/th>\n<td>Released the SBS-100F, featuring double-end processing, and the E-32V, featuring simultaneous 5-axis control.<\/td>\n<\/tr>\n<tr>\n<th>2016<\/th>\n<td>Released the SBS-400F dual-end processing lathe and the NUCROBO-101XL.<\/td>\n<\/tr>\n<tr>\n<th>2018<\/th>\n<td>Released the MATE-6 and NUCROBO-8EX.<\/td>\n<\/tr>\n<tr>\n<th>2020<\/th>\n<td>Released the OM430-L and NUCROBO101C.<\/td>\n<\/tr>\n<tr>\n<th>2020<\/th>\n<td>Recognized as a Regional Leader for Future Innovation.<\/td>\n<\/tr>\n<tr>\n<th>2022<\/th>\n<td>Released the NL-10CT and CT-101.<\/td>\n<\/tr>\n<tr>\n<th>2023<\/th>\n<td>Registered as a Nagano Prefecture SDGs Promotion Company<\/td>\n<\/tr>\n<\/tbody>\n<\/table><\/div>\n<\/p><\/div>\n<\/p><\/div>\n<\/p><\/div>\n<\/section><\/div>\n<\/div>\n<div class=\"layout__lg\">\n<div class=\"container\">\n<section class=\"section\">\n<div class=\"page\">\n<div class=\"page__heading\">\n<div class=\"heading\">\n<div class=\"heading__wrap\">\n<h2 class=\"heading__title--mainColor\">Major awards and recognitions<\/h2>\n<\/p><\/div>\n<\/p><\/div>\n<\/p><\/div>\n<div class=\"row\">\n<div class=\"col-12 col-md-4\">\n<div class=\"column__box\">\n<div class=\"\">\n              <img decoding=\"async\" src=\"https:\/\/www.eguro.co.jp\/english\/wp\/wp-content\/themes\/main\/images\/outline\/img_works_01.jpg\" alt=\"Named a Regional Leader for Future Innovation\">\n              <\/div>\n<div class=\"column__textBlock mt-10\">\n                <!-- \n\n<h4 class=\"text-center\">Named a Regional Leader for Future Innovation<\/h4>\n\n -->\n              <\/div>\n<\/p><\/div>\n<\/p><\/div>\n<div class=\"col-12 col-md-4\">\n<div class=\"column__box\">\n<div class=\"jusyou\">\n              <img decoding=\"async\" src=\"https:\/\/www.eguro.co.jp\/english\/wp\/wp-content\/themes\/main\/images\/outline\/img_works_04.jpg\" alt=\"SDGs\">\n              <\/div>\n<div class=\"column__textBlock mt-10\">\n<h4 class=\"text-center\">Nagano Prefecture SDGs Promotion Company<\/h4>\n<\/p><\/div>\n<\/p><\/div>\n<\/p><\/div>\n<div class=\"col-12 col-md-4\">\n<div class=\"column__box\">\n<div class=\"\">\n                <img decoding=\"async\" src=\"https:\/\/www.eguro.co.jp\/english\/wp\/wp-content\/themes\/main\/images\/outline\/img_works_03.jpg\" alt=\"Counted among Japan\u2019s 300 Most Exciting Monozukuri (Manufacturing) SMEs\">\n              <\/div>\n<div class=\"column__textBlock mt-10\">\n<h4 class=\"text-center\">Counted among Japan\u2019s 300 Most Exciting Monozukuri (Manufacturing) SMEs<\/h4>\n<\/p><\/div>\n<\/p><\/div>\n<\/p><\/div>\n<\/p><\/div>\n<\/p><\/div>\n<\/section><\/div>\n<\/div>\n<div class=\"layout__lg\">\n<div class=\"container\">\n<section class=\"section\">\n<div class=\"page\">\n<div class=\"page__heading\">\n<div class=\"heading\">\n<div class=\"heading__wrap\">\n<h2 class=\"heading__title--mainColor\">EGURO Suwa-jinja Shrine<\/h2>\n<\/p><\/div>\n<\/p><\/div>\n<\/p><\/div>\n<div class=\"row\">\n<div class=\"col-12 col-md-6\">\n<div class=\"column__box\">\n<div class=\"\">\n                <img decoding=\"async\" src=\"https:\/\/www.eguro.co.jp\/english\/wp\/wp-content\/themes\/main\/images\/outline\/img_eguro_01.jpg\" alt=\"EGURO Suwa-jinja Shrine\">\n              <\/div>\n<\/p><\/div>\n<\/p><\/div>\n<div class=\"col-12 col-md-6\">\n<div class=\"column__box\">\n<div class=\"\">\n              <img decoding=\"async\" src=\"https:\/\/www.eguro.co.jp\/english\/wp\/wp-content\/themes\/main\/images\/outline\/img_eguro_02.jpg\" alt=\"EGURO Suwa-jinja Shrine\">\n              <\/div>\n<\/p><\/div>\n<\/p><\/div>\n<\/p><\/div>\n<div class=\"row mt-10\">\n<div class=\"col-12\">\n<div class=\"scroll\">\n<table class=\"table__outline\">\n<tbody>\n<tr>\n<th>Location<\/th>\n<td>EGURO Minowa Factory<\/td>\n<\/tr>\n<tr>\n<th>Enshrined deity<\/th>\n<td>Suwa Daimy\u014djin<\/td>\n<\/tr>\n<tr>\n<th>Associated deities<\/th>\n<td>Minowa Reijin, Ry\u016b\u014dmaru Enmei Jiz\u014dson<\/td>\n<\/tr>\n<tr>\n<th>Festival dates<\/th>\n<td>Every 21st day of the month<\/td>\n<\/tr>\n<\/tbody>\n<\/table><\/div>\n<\/p><\/div>\n<div class=\"col-12\">\n<p class=\"mt-10 fs-08\">\n            Founded in 1982, the shrine was established by the founder of EGURO LTD., the late Jinbei Eguro, and his wife Haruko with wishes for the safety and well-being of not only the employees of the Minowa Factory but local residents as well. The principal deity enshrined here, Suwa Daimy\u014djin, has long been revered as the god of wind and water. This land, where fresh winds blow through the Ina Valley and the waters of the Tenryu River flow clear and unobstructed, is truly a place worthy of this divine grace. In recent years, the Onbashira Festival has been held with great fanfare in conjunction with the local community.<br \/>\n            The stone monument within the shrine grounds honors the ancestral spirits of the Miwa clan &#8211; the origin of the place name Minowa &#8211; who came from the Korean Peninsula in ancient times in search of a new land and settled in this region, as well as the people who have lived here through the generations, praising the virtues of their forebears. Additionally, the Ry\u016b\u014dmaru Enmei Jiz\u014dson is a Buddhist deity believed to bring healing and recovery from illness.\n            <\/p>\n<p class=\"mt-10 right\">Text by Daiji Okano<\/p>\n<\/p><\/div>\n<\/p><\/div>\n<\/p><\/div>\n<\/section><\/div>\n<\/div>\n","protected":false},"excerpt":{"rendered":"<p>Corporate Profile Company Name EGURO LTD. President Hirofumi Eguro Established October 1937 Capital 85.8 million yen Number of employees 180 (as of October 2022) Headquarters\/factory 8-14 Okura-Machi, Okaya City, Nagano Pref., 394-0043 JapanTel. +81-266-23-5511 (Main)Fax +81-266-24-0167 (Main) MAP Minowa Factory 4964 Higashi-Minowa, Minowa-machi, Kamiina-gun, Nagano Pref., 399-4602 JapanTEL: +81-265-79-7830 (Main)FAX: +81-265-79-9534 (Main) MAP Business offices [&hellip;]<\/p>\n","protected":false},"author":1,"featured_media":0,"parent":41,"menu_order":36,"comment_status":"closed","ping_status":"closed","template":"","meta":{"footnotes":""},"class_list":["post-69","page","type-page","status-publish","hentry"],"yoast_head":"<!-- This site is optimized with the Yoast SEO plugin v26.1.1 - https:\/\/yoast.com\/wordpress\/plugins\/seo\/ -->\n<title>Corporate profile and history | EGURO LTD. - High-precision, compact NC lathe manufacturer<\/title>\n<meta name=\"robots\" content=\"index, follow, max-snippet:-1, max-image-preview:large, max-video-preview:-1\" \/>\n<link rel=\"canonical\" href=\"https:\/\/www.eguro.co.jp\/english\/company\/outline\/\" \/>\n<meta property=\"og:locale\" content=\"en_US\" \/>\n<meta property=\"og:type\" content=\"article\" \/>\n<meta property=\"og:title\" content=\"Corporate profile and history | EGURO LTD. - High-precision, compact NC lathe manufacturer\" \/>\n<meta property=\"og:description\" content=\"Corporate Profile Company Name EGURO LTD. President Hirofumi Eguro Established October 1937 Capital 85.8 million yen Number of employees 180 (as of October 2022) Headquarters\/factory 8-14 Okura-Machi, Okaya City, Nagano Pref., 394-0043 JapanTel. +81-266-23-5511 (Main)Fax +81-266-24-0167 (Main) MAP Minowa Factory 4964 Higashi-Minowa, Minowa-machi, Kamiina-gun, Nagano Pref., 399-4602 JapanTEL: +81-265-79-7830 (Main)FAX: +81-265-79-9534 (Main) MAP Business offices [&hellip;]\" \/>\n<meta property=\"og:url\" content=\"https:\/\/www.eguro.co.jp\/english\/company\/outline\/\" \/>\n<meta property=\"og:site_name\" content=\"EGURO LTD.\" \/>\n<meta property=\"article:modified_time\" content=\"2025-10-15T00:37:48+00:00\" \/>\n<meta property=\"og:image\" content=\"https:\/\/www.eguro.co.jp\/english\/wp\/wp-content\/uploads\/2022\/11\/main.jpg\" \/>\n\t<meta property=\"og:image:width\" content=\"1920\" \/>\n\t<meta property=\"og:image:height\" content=\"1080\" \/>\n\t<meta property=\"og:image:type\" content=\"image\/jpeg\" \/>\n<meta name=\"twitter:card\" content=\"summary_large_image\" \/>\n<meta name=\"twitter:label1\" content=\"Est. reading time\" \/>\n\t<meta name=\"twitter:data1\" content=\"6 minutes\" \/>\n<script type=\"application\/ld+json\" class=\"yoast-schema-graph\">{\"@context\":\"https:\/\/schema.org\",\"@graph\":[{\"@type\":\"WebPage\",\"@id\":\"https:\/\/www.eguro.co.jp\/english\/company\/outline\/\",\"url\":\"https:\/\/www.eguro.co.jp\/english\/company\/outline\/\",\"name\":\"Corporate profile and history | EGURO LTD. - High-precision, compact NC lathe manufacturer\",\"isPartOf\":{\"@id\":\"https:\/\/www.eguro.co.jp\/english\/#website\"},\"datePublished\":\"2022-07-27T03:22:36+00:00\",\"dateModified\":\"2025-10-15T00:37:48+00:00\",\"breadcrumb\":{\"@id\":\"https:\/\/www.eguro.co.jp\/english\/company\/outline\/#breadcrumb\"},\"inLanguage\":\"en-US\",\"potentialAction\":[{\"@type\":\"ReadAction\",\"target\":[\"https:\/\/www.eguro.co.jp\/english\/company\/outline\/\"]}]},{\"@type\":\"BreadcrumbList\",\"@id\":\"https:\/\/www.eguro.co.jp\/english\/company\/outline\/#breadcrumb\",\"itemListElement\":[{\"@type\":\"ListItem\",\"position\":1,\"name\":\"Home\",\"item\":\"https:\/\/www.eguro.co.jp\/english\/\"},{\"@type\":\"ListItem\",\"position\":2,\"name\":\"Corporate information\",\"item\":\"https:\/\/www.eguro.co.jp\/english\/company\/\"},{\"@type\":\"ListItem\",\"position\":3,\"name\":\"Corporate profile, history, and affiliated companies\"}]},{\"@type\":\"WebSite\",\"@id\":\"https:\/\/www.eguro.co.jp\/english\/#website\",\"url\":\"https:\/\/www.eguro.co.jp\/english\/\",\"name\":\"EGURO LTD.\",\"description\":\"\",\"potentialAction\":[{\"@type\":\"SearchAction\",\"target\":{\"@type\":\"EntryPoint\",\"urlTemplate\":\"https:\/\/www.eguro.co.jp\/english\/?s={search_term_string}\"},\"query-input\":{\"@type\":\"PropertyValueSpecification\",\"valueRequired\":true,\"valueName\":\"search_term_string\"}}],\"inLanguage\":\"en-US\"}]}<\/script>\n<!-- \/ Yoast SEO plugin. -->","yoast_head_json":{"title":"Corporate profile and history | EGURO LTD. - High-precision, compact NC lathe manufacturer","robots":{"index":"index","follow":"follow","max-snippet":"max-snippet:-1","max-image-preview":"max-image-preview:large","max-video-preview":"max-video-preview:-1"},"canonical":"https:\/\/www.eguro.co.jp\/english\/company\/outline\/","og_locale":"en_US","og_type":"article","og_title":"Corporate profile and history | EGURO LTD. - High-precision, compact NC lathe manufacturer","og_description":"Corporate Profile Company Name EGURO LTD. President Hirofumi Eguro Established October 1937 Capital 85.8 million yen Number of employees 180 (as of October 2022) Headquarters\/factory 8-14 Okura-Machi, Okaya City, Nagano Pref., 394-0043 JapanTel. +81-266-23-5511 (Main)Fax +81-266-24-0167 (Main) MAP Minowa Factory 4964 Higashi-Minowa, Minowa-machi, Kamiina-gun, Nagano Pref., 399-4602 JapanTEL: +81-265-79-7830 (Main)FAX: +81-265-79-9534 (Main) MAP Business offices [&hellip;]","og_url":"https:\/\/www.eguro.co.jp\/english\/company\/outline\/","og_site_name":"EGURO LTD.","article_modified_time":"2025-10-15T00:37:48+00:00","og_image":[{"width":1920,"height":1080,"url":"https:\/\/www.eguro.co.jp\/english\/wp\/wp-content\/uploads\/2022\/11\/main.jpg","type":"image\/jpeg"}],"twitter_card":"summary_large_image","twitter_misc":{"Est. reading time":"6 minutes"},"schema":{"@context":"https:\/\/schema.org","@graph":[{"@type":"WebPage","@id":"https:\/\/www.eguro.co.jp\/english\/company\/outline\/","url":"https:\/\/www.eguro.co.jp\/english\/company\/outline\/","name":"Corporate profile and history | EGURO LTD. - High-precision, compact NC lathe manufacturer","isPartOf":{"@id":"https:\/\/www.eguro.co.jp\/english\/#website"},"datePublished":"2022-07-27T03:22:36+00:00","dateModified":"2025-10-15T00:37:48+00:00","breadcrumb":{"@id":"https:\/\/www.eguro.co.jp\/english\/company\/outline\/#breadcrumb"},"inLanguage":"en-US","potentialAction":[{"@type":"ReadAction","target":["https:\/\/www.eguro.co.jp\/english\/company\/outline\/"]}]},{"@type":"BreadcrumbList","@id":"https:\/\/www.eguro.co.jp\/english\/company\/outline\/#breadcrumb","itemListElement":[{"@type":"ListItem","position":1,"name":"Home","item":"https:\/\/www.eguro.co.jp\/english\/"},{"@type":"ListItem","position":2,"name":"Corporate information","item":"https:\/\/www.eguro.co.jp\/english\/company\/"},{"@type":"ListItem","position":3,"name":"Corporate profile, history, and affiliated companies"}]},{"@type":"WebSite","@id":"https:\/\/www.eguro.co.jp\/english\/#website","url":"https:\/\/www.eguro.co.jp\/english\/","name":"EGURO LTD.","description":"","potentialAction":[{"@type":"SearchAction","target":{"@type":"EntryPoint","urlTemplate":"https:\/\/www.eguro.co.jp\/english\/?s={search_term_string}"},"query-input":{"@type":"PropertyValueSpecification","valueRequired":true,"valueName":"search_term_string"}}],"inLanguage":"en-US"}]}},"_links":{"self":[{"href":"https:\/\/www.eguro.co.jp\/english\/wp-json\/wp\/v2\/pages\/69","targetHints":{"allow":["GET"]}}],"collection":[{"href":"https:\/\/www.eguro.co.jp\/english\/wp-json\/wp\/v2\/pages"}],"about":[{"href":"https:\/\/www.eguro.co.jp\/english\/wp-json\/wp\/v2\/types\/page"}],"author":[{"embeddable":true,"href":"https:\/\/www.eguro.co.jp\/english\/wp-json\/wp\/v2\/users\/1"}],"replies":[{"embeddable":true,"href":"https:\/\/www.eguro.co.jp\/english\/wp-json\/wp\/v2\/comments?post=69"}],"version-history":[{"count":22,"href":"https:\/\/www.eguro.co.jp\/english\/wp-json\/wp\/v2\/pages\/69\/revisions"}],"predecessor-version":[{"id":1944,"href":"https:\/\/www.eguro.co.jp\/english\/wp-json\/wp\/v2\/pages\/69\/revisions\/1944"}],"up":[{"embeddable":true,"href":"https:\/\/www.eguro.co.jp\/english\/wp-json\/wp\/v2\/pages\/41"}],"wp:attachment":[{"href":"https:\/\/www.eguro.co.jp\/english\/wp-json\/wp\/v2\/media?parent=69"}],"curies":[{"name":"wp","href":"https:\/\/api.w.org\/{rel}","templated":true}]}}